{"id":1270,"date":"2024-10-01T00:09:00","date_gmt":"2024-09-30T22:09:00","guid":{"rendered":"https:\/\/sol-humancapital.com\/?page_id=1270"},"modified":"2025-01-09T07:02:52","modified_gmt":"2025-01-09T06:02:52","slug":"coachings-fuer-fuehrungskraefte","status":"publish","type":"page","link":"https:\/\/sol-humancapital.com\/de\/coachings-fuer-fuehrungskraefte\/","title":{"rendered":"1:1 Coachings f\u00fcr F\u00fchrungskr\u00e4fte"},"content":{"rendered":"","protected":false},"excerpt":{"rendered":"","protected":false},"author":2,"featured_media":0,"parent":0,"menu_order":0,"comment_status":"open","ping_status":"closed","template":"","meta":{"footnotes":""},"class_list":["post-1270","page","type-page","status-publish","hentry"],"_links":{"self":[{"href":"https:\/\/sol-humancapital.com\/de\/wp-json\/wp\/v2\/pages\/1270","targetHints":{"allow":["GET"]}}],"collection":[{"href":"https:\/\/sol-humancapital.com\/de\/wp-json\/wp\/v2\/pages"}],"about":[{"href":"https:\/\/sol-humancapital.com\/de\/wp-json\/wp\/v2\/types\/page"}],"author":[{"embeddable":true,"href":"https:\/\/sol-humancapital.com\/de\/wp-json\/wp\/v2\/users\/2"}],"replies":[{"embeddable":true,"href":"https:\/\/sol-humancapital.com\/de\/wp-json\/wp\/v2\/comments?post=1270"}],"version-history":[{"count":2,"href":"https:\/\/sol-humancapital.com\/de\/wp-json\/wp\/v2\/pages\/1270\/revisions"}],"predecessor-version":[{"id":1399,"href":"https:\/\/sol-humancapital.com\/de\/wp-json\/wp\/v2\/pages\/1270\/revisions\/1399"}],"wp:attachment":[{"href":"https:\/\/sol-humancapital.com\/de\/wp-json\/wp\/v2\/media?parent=1270"}],"curies":[{"name":"wp","href":"https:\/\/api.w.org\/{rel}","templated":true}]}}